{"id":944,"date":"2022-03-21T09:25:10","date_gmt":"2022-03-21T09:25:10","guid":{"rendered":"https:\/\/tecno-energy.it\/?page_id=944"},"modified":"2025-04-23T09:08:09","modified_gmt":"2025-04-23T09:08:09","slug":"beratung-2","status":"publish","type":"page","link":"https:\/\/tecno-energy.it\/it\/beratung-2\/","title":{"rendered":"Servizi di consulenza"},"content":{"rendered":"<div data-elementor-type=\"wp-page\" data-elementor-id=\"944\" class=\"elementor elementor-944\">\n\t\t\t\t\t\t\t\t\t<section class=\"elementor-section elementor-top-section elementor-element elementor-element-615014c9 elementor-section-full_width elementor-section-height-min-height elementor-section-items-bottom elementor-section-stretched elementor-hidden-desktop elementor-hidden-tablet elementor-section-height-default\" data-id=\"615014c9\" data-element_type=\"section\" data-settings=\"{&quot;stretch_section&quot;:&quot;section-stretched&quot;,&quot;background_background&quot;:&quot;classic&quot;}\">\n\t\t\t\t\t\t\t<div class=\"elementor-background-overlay\"><\/div>\n\t\t\t\t\t\t\t<div class=\"elementor-container elementor-column-gap-default\">\n\t\t\t\t\t<div class=\"elementor-column elementor-col-100 elementor-top-column elementor-element elementor-element-505a825a\" data-id=\"505a825a\" data-element_type=\"column\">\n\t\t\t<div class=\"elementor-widget-wrap elementor-element-populated\">\n\t\t\t\t\t\t\t\t<section class=\"elementor-section elementor-inner-section elementor-element elementor-element-5a21be90 elementor-section-boxed elementor-section-height-default elementor-section-height-default\" data-id=\"5a21be90\" data-element_type=\"section\">\n\t\t\t\t\t\t<div class=\"elementor-container elementor-column-gap-default\">\n\t\t\t\t\t<div class=\"elementor-column elementor-col-100 elementor-inner-column elementor-element elementor-element-54ca178f\" data-id=\"54ca178f\" data-element_type=\"column\">\n\t\t\t<div class=\"elementor-widget-wrap\">\n\t\t\t\t\t\t\t\t\t<\/div>\n\t\t<\/div>\n\t\t\t\t\t\t\t<\/div>\n\t\t<\/section>\n\t\t\t\t<section class=\"elementor-section elementor-inner-section elementor-element elementor-element-51c5555b elementor-section-full_width elementor-section-height-min-height elementor-section-height-default\" data-id=\"51c5555b\" data-element_type=\"section\">\n\t\t\t\t\t\t<div class=\"elementor-container elementor-column-gap-default\">\n\t\t\t\t\t<div class=\"elementor-column elementor-col-33 elementor-inner-column elementor-element elementor-element-72a76482\" data-id=\"72a76482\" data-element_type=\"column\">\n\t\t\t<div class=\"elementor-widget-wrap\">\n\t\t\t\t\t\t\t\t\t<\/div>\n\t\t<\/div>\n\t\t\t\t<div class=\"elementor-column elementor-col-33 elementor-inner-column elementor-element elementor-element-4448fce\" data-id=\"4448fce\" data-element_type=\"column\" data-settings=\"{&quot;background_background&quot;:&quot;classic&quot;}\">\n\t\t\t<div class=\"elementor-widget-wrap elementor-element-populated\">\n\t\t\t\t\t\t\t\t<div class=\"elementor-element elementor-element-384e1227 elementor-view-default elementor-widget elementor-widget-icon\" data-id=\"384e1227\" data-element_type=\"widget\" data-widget_type=\"icon.default\">\n\t\t\t\t<div class=\"elementor-widget-container\">\n\t\t\t\t\t<div class=\"elementor-icon-wrapper\">\n\t\t\t<div class=\"elementor-icon\">\n\t\t\t<svg xmlns=\"http:\/\/www.w3.org\/2000\/svg\" id=\"Component_14_65\" data-name=\"Component 14 &#x2013; 65\" width=\"50\" height=\"50\" viewbox=\"0 0 50 50\"><g id=\"Ellipse_1\" data-name=\"Ellipse 1\" fill=\"#fff\" stroke=\"#2db1dd\" stroke-width=\"1\"><circle cx=\"25\" cy=\"25\" r=\"25\" stroke=\"none\"><\/circle><circle cx=\"25\" cy=\"25\" r=\"24.5\" fill=\"none\"><\/circle><\/g><g id=\"Group_1351\" data-name=\"Group 1351\" transform=\"translate(-973.629 -1159.959)\"><path id=\"Path_825\" data-name=\"Path 825\" d=\"M0,0V15.643H15.648\" transform=\"translate(987.565 1180.024) rotate(-45)\" fill=\"none\" stroke=\"#2db1dd\" stroke-width=\"1\"><\/path><\/g><\/svg>\t\t\t<\/div>\n\t\t<\/div>\n\t\t\t\t<\/div>\n\t\t\t\t<\/div>\n\t\t\t\t\t<\/div>\n\t\t<\/div>\n\t\t\t\t<div class=\"elementor-column elementor-col-33 elementor-inner-column elementor-element elementor-element-48fd2a57\" data-id=\"48fd2a57\" data-element_type=\"column\" data-settings=\"{&quot;background_background&quot;:&quot;classic&quot;}\">\n\t\t\t<div class=\"elementor-widget-wrap elementor-element-populated\">\n\t\t\t\t\t\t\t\t<div class=\"elementor-element elementor-element-7d328328 elementor-widget elementor-widget-heading\" data-id=\"7d328328\" data-element_type=\"widget\" data-widget_type=\"heading.default\">\n\t\t\t\t<div class=\"elementor-widget-container\">\n\t\t\t<style>\/*! elementor - v3.6.2 - 04-04-2022 *\/\n.elementor-heading-title{padding:0;margin:0;line-height:1}.elementor-widget-heading .elementor-heading-title[class*=elementor-size-]>a{color:inherit;font-size:inherit;line-height:inherit}.elementor-widget-heading .elementor-heading-title.elementor-size-small{font-size:15px}.elementor-widget-heading .elementor-heading-title.elementor-size-medium{font-size:19px}.elementor-widget-heading .elementor-heading-title.elementor-size-large{font-size:29px}.elementor-widget-heading .elementor-heading-title.elementor-size-xl{font-size:39px}.elementor-widget-heading .elementor-heading-title.elementor-size-xxl{font-size:59px}<\/style><h2 class=\"elementor-heading-title elementor-size-default\">Erfahrung und Innovation<\/h2>\t\t<\/div>\n\t\t\t\t<\/div>\n\t\t\t\t\t<\/div>\n\t\t<\/div>\n\t\t\t\t\t\t\t<\/div>\n\t\t<\/section>\n\t\t\t\t\t<\/div>\n\t\t<\/div>\n\t\t\t\t\t\t\t<\/div>\n\t\t<\/section>\n\t\t\t\t<section class=\"elementor-section elementor-top-section elementor-element elementor-element-6918419 elementor-section-full_width elementor-section-height-full elementor-section-items-bottom elementor-section-stretched elementor-hidden-mobile elementor-section-height-default\" data-id=\"6918419\" data-element_type=\"section\" data-settings=\"{&quot;stretch_section&quot;:&quot;section-stretched&quot;,&quot;background_background&quot;:&quot;slideshow&quot;,&quot;background_slideshow_gallery&quot;:[{&quot;id&quot;:1157,&quot;url&quot;:&quot;https:\\\/\\\/tecno-energy.it\\\/wp-content\\\/uploads\\\/2022\\\/03\\\/anlagenbau-banner-2.webp&quot;},{&quot;id&quot;:1156,&quot;url&quot;:&quot;https:\\\/\\\/tecno-energy.it\\\/wp-content\\\/uploads\\\/2022\\\/03\\\/anlagenbau-banner-1.webp&quot;}],&quot;background_slideshow_slide_duration&quot;:10000,&quot;background_slideshow_ken_burns&quot;:&quot;yes&quot;,&quot;background_slideshow_loop&quot;:&quot;yes&quot;,&quot;background_slideshow_slide_transition&quot;:&quot;fade&quot;,&quot;background_slideshow_transition_duration&quot;:500,&quot;background_slideshow_ken_burns_zoom_direction&quot;:&quot;in&quot;}\">\n\t\t\t\t\t\t\t<div class=\"elementor-background-overlay\"><\/div>\n\t\t\t\t\t\t\t<div class=\"elementor-container elementor-column-gap-default\">\n\t\t\t\t\t<div class=\"elementor-column elementor-col-100 elementor-top-column elementor-element elementor-element-1d4b9974\" data-id=\"1d4b9974\" data-element_type=\"column\">\n\t\t\t<div class=\"elementor-widget-wrap elementor-element-populated\">\n\t\t\t\t\t\t\t\t<section class=\"elementor-section elementor-inner-section elementor-element elementor-element-6e340bfb elementor-section-boxed elementor-section-height-default elementor-section-height-default\" data-id=\"6e340bfb\" data-element_type=\"section\">\n\t\t\t\t\t\t<div class=\"elementor-container elementor-column-gap-default\">\n\t\t\t\t\t<div class=\"elementor-column elementor-col-100 elementor-inner-column elementor-element elementor-element-378bf3dd\" data-id=\"378bf3dd\" data-element_type=\"column\">\n\t\t\t<div class=\"elementor-widget-wrap elementor-element-populated\">\n\t\t\t\t\t\t\t\t<div class=\"elementor-element elementor-element-10fdca52 elementor-absolute elementor-widget elementor-widget-heading\" data-id=\"10fdca52\" data-element_type=\"widget\" data-settings=\"{&quot;_position&quot;:&quot;absolute&quot;}\" data-widget_type=\"heading.default\">\n\t\t\t\t<div class=\"elementor-widget-container\">\n\t\t\t<h2 class=\"elementor-heading-title elementor-size-default\">Tecno.energy: Efficienza<\/h2>\t\t<\/div>\n\t\t\t\t<\/div>\n\t\t\t\t\t<\/div>\n\t\t<\/div>\n\t\t\t\t\t\t\t<\/div>\n\t\t<\/section>\n\t\t\t\t<section class=\"elementor-section elementor-inner-section elementor-element elementor-element-47847a0d elementor-section-full_width elementor-section-height-min-height elementor-section-height-default\" data-id=\"47847a0d\" data-element_type=\"section\">\n\t\t\t\t\t\t<div class=\"elementor-container elementor-column-gap-default\">\n\t\t\t\t\t<div class=\"elementor-column elementor-col-50 elementor-inner-column elementor-element elementor-element-7185db22\" data-id=\"7185db22\" data-element_type=\"column\">\n\t\t\t<div class=\"elementor-widget-wrap\">\n\t\t\t\t\t\t\t\t\t<\/div>\n\t\t<\/div>\n\t\t\t\t<div class=\"elementor-column elementor-col-50 elementor-inner-column elementor-element elementor-element-79238a7\" data-id=\"79238a7\" data-element_type=\"column\" data-settings=\"{&quot;background_background&quot;:&quot;classic&quot;}\">\n\t\t\t<div class=\"elementor-widget-wrap elementor-element-populated\">\n\t\t\t\t\t\t\t\t<div class=\"elementor-element elementor-element-82a461f elementor-hidden-desktop elementor-hidden-tablet elementor-hidden-mobile elementor-view-default elementor-widget elementor-widget-icon\" data-id=\"82a461f\" data-element_type=\"widget\" data-widget_type=\"icon.default\">\n\t\t\t\t<div class=\"elementor-widget-container\">\n\t\t\t\t\t<div class=\"elementor-icon-wrapper\">\n\t\t\t<a class=\"elementor-icon\" href=\"https:\/\/www.facebook.com\/Psaierenergies-GmbHsrl-108271314221838\/\" target=\"_blank\">\n\t\t\t<i aria-hidden=\"true\" class=\"fab fa-facebook-f\"><\/i>\t\t\t<\/a>\n\t\t<\/div>\n\t\t\t\t<\/div>\n\t\t\t\t<\/div>\n\t\t\t\t<div class=\"elementor-element elementor-element-7394d5e elementor-hidden-desktop elementor-hidden-tablet elementor-hidden-mobile elementor-view-default elementor-widget elementor-widget-icon\" data-id=\"7394d5e\" data-element_type=\"widget\" data-widget_type=\"icon.default\">\n\t\t\t\t<div class=\"elementor-widget-container\">\n\t\t\t\t\t<div class=\"elementor-icon-wrapper\">\n\t\t\t<a class=\"elementor-icon\" href=\"https:\/\/www.linkedin.com\/company\/psaier-energies-gmbh-srl\/\" target=\"_blank\">\n\t\t\t<svg xmlns=\"http:\/\/www.w3.org\/2000\/svg\" width=\"22.543\" height=\"23.273\" viewbox=\"0 0 22.543 23.273\"><g id=\"linkedin-inline\" transform=\"translate(-0.5)\"><path id=\"Path_728\" data-name=\"Path 728\" d=\"M5.564,160.664H1.182a.682.682,0,0,0-.682.682v14.607a.682.682,0,0,0,.682.682H5.564a.682.682,0,0,0,.682-.682V161.346A.682.682,0,0,0,5.564,160.664Zm-.682,14.607H1.864V162.028H4.882Zm0,0\" transform=\"translate(0 -153.361)\"><\/path><path id=\"Path_729\" data-name=\"Path 729\" d=\"M3.373,0A2.873,2.873,0,1,0,6.246,2.873,2.876,2.876,0,0,0,3.373,0Zm0,4.382A1.509,1.509,0,1,1,4.882,2.873,1.511,1.511,0,0,1,3.373,4.382Zm0,0\"><\/path><path id=\"Path_730\" data-name=\"Path 730\" d=\"M169.88,158.543a6.547,6.547,0,0,0-2.973.717.682.682,0,0,0-.679-.621h-4.382a.682.682,0,0,0-.682.682v14.607a.682.682,0,0,0,.682.682h4.382a.682.682,0,0,0,.682-.682v-8.034a1.874,1.874,0,0,1,3.748,0v8.034a.682.682,0,0,0,.682.682h4.382a.682.682,0,0,0,.682-.682v-8.861A6.531,6.531,0,0,0,169.88,158.543Zm5.16,14.7h-3.018v-7.352a3.238,3.238,0,0,0-6.476,0v7.352h-3.018V160h3.018v.5a.682.682,0,0,0,1.109.532,5.1,5.1,0,0,1,3.225-1.132,5.166,5.166,0,0,1,5.16,5.16Zm0,0\" transform=\"translate(-153.361 -151.336)\"><\/path><\/g><\/svg>\t\t\t<\/a>\n\t\t<\/div>\n\t\t\t\t<\/div>\n\t\t\t\t<\/div>\n\t\t\t\t\t<\/div>\n\t\t<\/div>\n\t\t\t\t\t\t\t<\/div>\n\t\t<\/section>\n\t\t\t\t\t<\/div>\n\t\t<\/div>\n\t\t\t\t\t\t\t<\/div>\n\t\t<\/section>\n\t\t\t\t<section class=\"elementor-section elementor-top-section elementor-element elementor-element-6e6548 elementor-section-boxed elementor-section-height-default elementor-section-height-default\" data-id=\"6e6548\" data-element_type=\"section\">\n\t\t\t\t\t\t<div class=\"elementor-container elementor-column-gap-default\">\n\t\t\t\t\t<div class=\"elementor-column elementor-col-100 elementor-top-column elementor-element elementor-element-4c6e2766\" data-id=\"4c6e2766\" data-element_type=\"column\">\n\t\t\t<div class=\"elementor-widget-wrap elementor-element-populated\">\n\t\t\t\t\t\t\t\t<section class=\"elementor-section elementor-inner-section elementor-element elementor-element-18688e9f elementor-section-boxed elementor-section-height-default elementor-section-height-default\" data-id=\"18688e9f\" data-element_type=\"section\">\n\t\t\t\t\t\t<div class=\"elementor-container elementor-column-gap-default\">\n\t\t\t\t\t<div class=\"elementor-column elementor-col-50 elementor-inner-column elementor-element elementor-element-1de76a5a\" data-id=\"1de76a5a\" data-element_type=\"column\">\n\t\t\t<div class=\"elementor-widget-wrap elementor-element-populated\">\n\t\t\t\t\t\t\t\t<div class=\"elementor-element elementor-element-4e16d813 elementor-widget elementor-widget-text-editor\" data-id=\"4e16d813\" data-element_type=\"widget\" data-widget_type=\"text-editor.default\">\n\t\t\t\t<div class=\"elementor-widget-container\">\n\t\t\t<style>\/*! elementor - v3.6.2 - 04-04-2022 *\/\n.elementor-widget-text-editor.elementor-drop-cap-view-stacked .elementor-drop-cap{background-color:#818a91;color:#fff}.elementor-widget-text-editor.elementor-drop-cap-view-framed .elementor-drop-cap{color:#818a91;border:3px solid;background-color:transparent}.elementor-widget-text-editor:not(.elementor-drop-cap-view-default) .elementor-drop-cap{margin-top:8px}.elementor-widget-text-editor:not(.elementor-drop-cap-view-default) .elementor-drop-cap-letter{width:1em;height:1em}.elementor-widget-text-editor .elementor-drop-cap{float:left;text-align:center;line-height:1;font-size:50px}.elementor-widget-text-editor .elementor-drop-cap-letter{display:inline-block}<\/style>\t\t\t\t<p>Gli specialisti del fotovoltaico di tecno.energy valutano le prestazioni e il rendimento dei potenziali impianti e dell'intero assortimento. Nel preparare la valutazione del rendimento, tecno.energy utilizza diverse fonti di dati per determinare i futuri valori di irraggiamento e la configurazione ottimale, per una previsione pi\u00f9 accurata possibile. Inoltre vengono effettuati degli studi specifici per analizzare e minimizzare l\u2019effetto dell\u2019ombreggiamento.<\/p>\t\t\t\t\t\t<\/div>\n\t\t\t\t<\/div>\n\t\t\t\t\t<\/div>\n\t\t<\/div>\n\t\t\t\t<div class=\"elementor-column elementor-col-50 elementor-inner-column elementor-element elementor-element-b5dbad8\" data-id=\"b5dbad8\" data-element_type=\"column\">\n\t\t\t<div class=\"elementor-widget-wrap elementor-element-populated\">\n\t\t\t\t\t\t\t\t<div class=\"elementor-element elementor-element-95a5a9b elementor-widget elementor-widget-image\" data-id=\"95a5a9b\" data-element_type=\"widget\" data-widget_type=\"image.default\">\n\t\t\t\t<div class=\"elementor-widget-container\">\n\t\t\t<style>\/*! elementor - v3.6.2 - 04-04-2022 *\/\n.elementor-widget-image{text-align:center}.elementor-widget-image a{display:inline-block}.elementor-widget-image a img[src$=\".svg\"]{width:48px}.elementor-widget-image img{vertical-align:middle;display:inline-block}<\/style>\t\t\t\t\t\t\t\t\t\t\t\t<img loading=\"lazy\" decoding=\"async\" width=\"768\" height=\"587\" src=\"https:\/\/tecno-energy.it\/wp-content\/uploads\/2022\/05\/img_psaier03-1.png\" class=\"attachment-full size-full\" alt=\"tecno_psaier_energies\" srcset=\"https:\/\/tecno-energy.it\/wp-content\/uploads\/2022\/05\/img_psaier03-1.png 768w, https:\/\/tecno-energy.it\/wp-content\/uploads\/2022\/05\/img_psaier03-1-300x229.png 300w, https:\/\/tecno-energy.it\/wp-content\/uploads\/2022\/05\/img_psaier03-1-16x12.png 16w\" sizes=\"auto, (max-width: 768px) 100vw, 768px\" \/>\t\t\t\t\t\t\t\t\t\t\t\t\t\t\t<\/div>\n\t\t\t\t<\/div>\n\t\t\t\t\t<\/div>\n\t\t<\/div>\n\t\t\t\t\t\t\t<\/div>\n\t\t<\/section>\n\t\t\t\t\t<\/div>\n\t\t<\/div>\n\t\t\t\t\t\t\t<\/div>\n\t\t<\/section>\n\t\t\t\t<section class=\"elementor-section elementor-top-section elementor-element elementor-element-e9245e2 elementor-section-boxed elementor-section-height-default elementor-section-height-default\" data-id=\"e9245e2\" data-element_type=\"section\">\n\t\t\t\t\t\t<div class=\"elementor-container elementor-column-gap-default\">\n\t\t\t\t\t<div class=\"elementor-column elementor-col-33 elementor-top-column elementor-element elementor-element-0439578\" data-id=\"0439578\" data-element_type=\"column\">\n\t\t\t<div class=\"elementor-widget-wrap elementor-element-populated\">\n\t\t\t\t\t\t\t\t<div class=\"elementor-element elementor-element-bdc9186 elementor-widget elementor-widget-image\" data-id=\"bdc9186\" data-element_type=\"widget\" data-widget_type=\"image.default\">\n\t\t\t\t<div class=\"elementor-widget-container\">\n\t\t\t\t\t\t\t\t\t\t\t\t\t\t\t<img loading=\"lazy\" decoding=\"async\" width=\"150\" height=\"150\" src=\"https:\/\/tecno-energy.it\/wp-content\/uploads\/2025\/04\/Mario-Tocco-150x150.jpg\" class=\"attachment-thumbnail size-thumbnail\" alt=\"\" srcset=\"https:\/\/tecno-energy.it\/wp-content\/uploads\/2025\/04\/Mario-Tocco-150x150.jpg 150w, https:\/\/tecno-energy.it\/wp-content\/uploads\/2025\/04\/Mario-Tocco-13x12.jpg 13w\" sizes=\"auto, (max-width: 150px) 100vw, 150px\" \/>\t\t\t\t\t\t\t\t\t\t\t\t\t\t\t<\/div>\n\t\t\t\t<\/div>\n\t\t\t\t\t<\/div>\n\t\t<\/div>\n\t\t\t\t<div class=\"elementor-column elementor-col-66 elementor-top-column elementor-element elementor-element-fc136a2\" data-id=\"fc136a2\" data-element_type=\"column\">\n\t\t\t<div class=\"elementor-widget-wrap elementor-element-populated\">\n\t\t\t\t\t\t\t\t<div class=\"elementor-element elementor-element-cadfbfe elementor-widget elementor-widget-text-editor\" data-id=\"cadfbfe\" data-element_type=\"widget\" data-widget_type=\"text-editor.default\">\n\t\t\t\t<div class=\"elementor-widget-container\">\n\t\t\t\t\t\t\t<h2><b>Mario Tocco<\/b><\/h2><h4><b><br \/><\/b><a style=\"background-color: #ffffff; font-size: 1rem;\" href=\"mailto:ge@psaierenergies.it\" target=\"_blank\" rel=\"noopener\">ge@psaierenergies.it<\/a><br \/>+39 333 9190891<\/h4>\t\t\t\t\t\t<\/div>\n\t\t\t\t<\/div>\n\t\t\t\t\t<\/div>\n\t\t<\/div>\n\t\t\t\t\t\t\t<\/div>\n\t\t<\/section>\n\t\t\t\t\t\t\t<\/div>","protected":false},"excerpt":{"rendered":"<p>Erfahrung und Innovation Tecno.energy: Effizienz Die PV-Spezialisten von tecno.energy bewerteten die Ertragskraft der einzelnen Anlagen und des Gesamtportfolios. Bei der Erstellung des Ertragsgutachtens zog tecno.energy f\u00fcr eine m\u00f6glichst genaue Prognose verschiedene Datenquellen zur Ermittlung k\u00fcnftiger Einstrahlungswerte sowie den jeweils genauen Gel\u00e4ndeverlauf in Verbindung mit der geplanten Modulbelegung heran. Dadurch konnte eine pr\u00e4zise Verschattungs-Szene erstellt werden. [&hellip;]<\/p>","protected":false},"author":1,"featured_media":0,"parent":0,"menu_order":0,"comment_status":"closed","ping_status":"closed","template":"","meta":{"footnotes":""},"class_list":["post-944","page","type-page","status-publish","hentry"],"aioseo_notices":[],"acf":[],"_links":{"self":[{"href":"https:\/\/tecno-energy.it\/it\/wp-json\/wp\/v2\/pages\/944","targetHints":{"allow":["GET"]}}],"collection":[{"href":"https:\/\/tecno-energy.it\/it\/wp-json\/wp\/v2\/pages"}],"about":[{"href":"https:\/\/tecno-energy.it\/it\/wp-json\/wp\/v2\/types\/page"}],"author":[{"embeddable":true,"href":"https:\/\/tecno-energy.it\/it\/wp-json\/wp\/v2\/users\/1"}],"replies":[{"embeddable":true,"href":"https:\/\/tecno-energy.it\/it\/wp-json\/wp\/v2\/comments?post=944"}],"version-history":[{"count":58,"href":"https:\/\/tecno-energy.it\/it\/wp-json\/wp\/v2\/pages\/944\/revisions"}],"predecessor-version":[{"id":2235,"href":"https:\/\/tecno-energy.it\/it\/wp-json\/wp\/v2\/pages\/944\/revisions\/2235"}],"wp:attachment":[{"href":"https:\/\/tecno-energy.it\/it\/wp-json\/wp\/v2\/media?parent=944"}],"curies":[{"name":"wp","href":"https:\/\/api.w.org\/{rel}","templated":true}]}}