{"id":1648,"date":"2022-06-29T12:23:20","date_gmt":"2022-06-29T12:23:20","guid":{"rendered":"https:\/\/tecno-energy.it\/?page_id=1648"},"modified":"2025-04-23T10:14:36","modified_gmt":"2025-04-23T10:14:36","slug":"impressum","status":"publish","type":"page","link":"https:\/\/tecno-energy.it\/it\/impressum\/","title":{"rendered":"Impressum"},"content":{"rendered":"<div data-elementor-type=\"wp-page\" data-elementor-id=\"1648\" class=\"elementor elementor-1648\">\n\t\t\t\t\t\t\t\t\t<section class=\"elementor-section elementor-top-section elementor-element elementor-element-10bda1d elementor-section-full_width elementor-section-height-min-height elementor-section-items-bottom elementor-section-stretched elementor-section-height-default\" data-id=\"10bda1d\" data-element_type=\"section\" data-settings=\"{&quot;stretch_section&quot;:&quot;section-stretched&quot;,&quot;background_background&quot;:&quot;slideshow&quot;,&quot;background_slideshow_gallery&quot;:[{&quot;id&quot;:1146,&quot;url&quot;:&quot;https:\\\/\\\/tecno-energy.it\\\/wp-content\\\/uploads\\\/2022\\\/03\\\/homepage-banner-1.webp&quot;},{&quot;id&quot;:1147,&quot;url&quot;:&quot;https:\\\/\\\/tecno-energy.it\\\/wp-content\\\/uploads\\\/2022\\\/03\\\/homepage-banner-2.webp&quot;}],&quot;background_slideshow_slide_duration&quot;:10000,&quot;background_slideshow_ken_burns&quot;:&quot;yes&quot;,&quot;background_slideshow_loop&quot;:&quot;yes&quot;,&quot;background_slideshow_slide_transition&quot;:&quot;fade&quot;,&quot;background_slideshow_transition_duration&quot;:500,&quot;background_slideshow_ken_burns_zoom_direction&quot;:&quot;in&quot;}\">\n\t\t\t\t\t\t\t<div class=\"elementor-background-overlay\"><\/div>\n\t\t\t\t\t\t\t<div class=\"elementor-container elementor-column-gap-default\">\n\t\t\t\t\t<div class=\"elementor-column elementor-col-100 elementor-top-column elementor-element elementor-element-3388ce5\" data-id=\"3388ce5\" data-element_type=\"column\">\n\t\t\t<div class=\"elementor-widget-wrap elementor-element-populated\">\n\t\t\t\t\t\t\t\t<section class=\"elementor-section elementor-inner-section elementor-element elementor-element-705c46a elementor-section-boxed elementor-section-height-default elementor-section-height-default\" data-id=\"705c46a\" data-element_type=\"section\">\n\t\t\t\t\t\t<div class=\"elementor-container elementor-column-gap-default\">\n\t\t\t\t\t<div class=\"elementor-column elementor-col-100 elementor-inner-column elementor-element elementor-element-bd2677f\" data-id=\"bd2677f\" data-element_type=\"column\">\n\t\t\t<div class=\"elementor-widget-wrap elementor-element-populated\">\n\t\t\t\t\t\t\t\t<div class=\"elementor-element elementor-element-5cb58d2 elementor-absolute elementor-widget elementor-widget-heading\" data-id=\"5cb58d2\" data-element_type=\"widget\" data-settings=\"{&quot;_position&quot;:&quot;absolute&quot;}\" data-widget_type=\"heading.default\">\n\t\t\t\t<div class=\"elementor-widget-container\">\n\t\t\t<style>\/*! elementor - v3.6.2 - 04-04-2022 *\/\n.elementor-heading-title{padding:0;margin:0;line-height:1}.elementor-widget-heading .elementor-heading-title[class*=elementor-size-]>a{color:inherit;font-size:inherit;line-height:inherit}.elementor-widget-heading .elementor-heading-title.elementor-size-small{font-size:15px}.elementor-widget-heading .elementor-heading-title.elementor-size-medium{font-size:19px}.elementor-widget-heading .elementor-heading-title.elementor-size-large{font-size:29px}.elementor-widget-heading .elementor-heading-title.elementor-size-xl{font-size:39px}.elementor-widget-heading .elementor-heading-title.elementor-size-xxl{font-size:59px}<\/style><h2 class=\"elementor-heading-title elementor-size-default\">Impressum<\/h2>\t\t<\/div>\n\t\t\t\t<\/div>\n\t\t\t\t\t<\/div>\n\t\t<\/div>\n\t\t\t\t\t\t\t<\/div>\n\t\t<\/section>\n\t\t\t\t<section class=\"elementor-section elementor-inner-section elementor-element elementor-element-2fe8ff9 elementor-section-full_width elementor-section-height-min-height elementor-section-height-default\" data-id=\"2fe8ff9\" data-element_type=\"section\">\n\t\t\t\t\t\t<div class=\"elementor-container elementor-column-gap-default\">\n\t\t\t\t\t<div class=\"elementor-column elementor-col-33 elementor-inner-column elementor-element elementor-element-fa03bd1\" data-id=\"fa03bd1\" data-element_type=\"column\">\n\t\t\t<div class=\"elementor-widget-wrap\">\n\t\t\t\t\t\t\t\t\t<\/div>\n\t\t<\/div>\n\t\t\t\t<div class=\"elementor-column elementor-col-33 elementor-inner-column elementor-element elementor-element-47e18d2 elementor-hidden-desktop elementor-hidden-tablet\" data-id=\"47e18d2\" data-element_type=\"column\" data-settings=\"{&quot;background_background&quot;:&quot;classic&quot;}\">\n\t\t\t<div class=\"elementor-widget-wrap elementor-element-populated\">\n\t\t\t\t\t\t\t\t<div class=\"elementor-element elementor-element-7c85f98 elementor-view-default elementor-widget elementor-widget-icon\" data-id=\"7c85f98\" data-element_type=\"widget\" data-widget_type=\"icon.default\">\n\t\t\t\t<div class=\"elementor-widget-container\">\n\t\t\t\t\t<div class=\"elementor-icon-wrapper\">\n\t\t\t<a class=\"elementor-icon\" href=\"#id1\">\n\t\t\t<svg xmlns=\"http:\/\/www.w3.org\/2000\/svg\" id=\"Component_14_65\" data-name=\"Component 14 &#x2013; 65\" width=\"50\" height=\"50\" viewbox=\"0 0 50 50\"><g id=\"Ellipse_1\" data-name=\"Ellipse 1\" fill=\"#fff\" stroke=\"#2db1dd\" stroke-width=\"1\"><circle cx=\"25\" cy=\"25\" r=\"25\" stroke=\"none\"><\/circle><circle cx=\"25\" cy=\"25\" r=\"24.5\" fill=\"none\"><\/circle><\/g><g id=\"Group_1351\" data-name=\"Group 1351\" transform=\"translate(-973.629 -1159.959)\"><path id=\"Path_825\" data-name=\"Path 825\" d=\"M0,0V15.643H15.648\" transform=\"translate(987.565 1180.024) rotate(-45)\" fill=\"none\" stroke=\"#2db1dd\" stroke-width=\"1\"><\/path><\/g><\/svg>\t\t\t<\/a>\n\t\t<\/div>\n\t\t\t\t<\/div>\n\t\t\t\t<\/div>\n\t\t\t\t\t<\/div>\n\t\t<\/div>\n\t\t\t\t<div class=\"elementor-column elementor-col-33 elementor-inner-column elementor-element elementor-element-45ada6f\" data-id=\"45ada6f\" data-element_type=\"column\" data-settings=\"{&quot;background_background&quot;:&quot;classic&quot;}\">\n\t\t\t<div class=\"elementor-widget-wrap elementor-element-populated\">\n\t\t\t\t\t\t\t\t<div class=\"elementor-element elementor-element-b844910 elementor-hidden-desktop elementor-hidden-tablet elementor-hidden-mobile elementor-view-default elementor-widget elementor-widget-icon\" data-id=\"b844910\" data-element_type=\"widget\" data-widget_type=\"icon.default\">\n\t\t\t\t<div class=\"elementor-widget-container\">\n\t\t\t\t\t<div class=\"elementor-icon-wrapper\">\n\t\t\t<a class=\"elementor-icon\" href=\"https:\/\/www.facebook.com\/Psaierenergies-GmbHsrl-108271314221838\/\" target=\"_blank\">\n\t\t\t<i aria-hidden=\"true\" class=\"fab fa-facebook-f\"><\/i>\t\t\t<\/a>\n\t\t<\/div>\n\t\t\t\t<\/div>\n\t\t\t\t<\/div>\n\t\t\t\t<div class=\"elementor-element elementor-element-47834f7 elementor-hidden-desktop elementor-hidden-tablet elementor-hidden-mobile elementor-view-default elementor-widget elementor-widget-icon\" data-id=\"47834f7\" data-element_type=\"widget\" data-widget_type=\"icon.default\">\n\t\t\t\t<div class=\"elementor-widget-container\">\n\t\t\t\t\t<div class=\"elementor-icon-wrapper\">\n\t\t\t<a class=\"elementor-icon\" href=\"https:\/\/www.linkedin.com\/company\/psaier-energies-gmbh-srl\/\" target=\"_blank\">\n\t\t\t<svg xmlns=\"http:\/\/www.w3.org\/2000\/svg\" width=\"22.543\" height=\"23.273\" viewbox=\"0 0 22.543 23.273\"><g id=\"linkedin-inline\" transform=\"translate(-0.5)\"><path id=\"Path_728\" data-name=\"Path 728\" d=\"M5.564,160.664H1.182a.682.682,0,0,0-.682.682v14.607a.682.682,0,0,0,.682.682H5.564a.682.682,0,0,0,.682-.682V161.346A.682.682,0,0,0,5.564,160.664Zm-.682,14.607H1.864V162.028H4.882Zm0,0\" transform=\"translate(0 -153.361)\"><\/path><path id=\"Path_729\" data-name=\"Path 729\" d=\"M3.373,0A2.873,2.873,0,1,0,6.246,2.873,2.876,2.876,0,0,0,3.373,0Zm0,4.382A1.509,1.509,0,1,1,4.882,2.873,1.511,1.511,0,0,1,3.373,4.382Zm0,0\"><\/path><path id=\"Path_730\" data-name=\"Path 730\" d=\"M169.88,158.543a6.547,6.547,0,0,0-2.973.717.682.682,0,0,0-.679-.621h-4.382a.682.682,0,0,0-.682.682v14.607a.682.682,0,0,0,.682.682h4.382a.682.682,0,0,0,.682-.682v-8.034a1.874,1.874,0,0,1,3.748,0v8.034a.682.682,0,0,0,.682.682h4.382a.682.682,0,0,0,.682-.682v-8.861A6.531,6.531,0,0,0,169.88,158.543Zm5.16,14.7h-3.018v-7.352a3.238,3.238,0,0,0-6.476,0v7.352h-3.018V160h3.018v.5a.682.682,0,0,0,1.109.532,5.1,5.1,0,0,1,3.225-1.132,5.166,5.166,0,0,1,5.16,5.16Zm0,0\" transform=\"translate(-153.361 -151.336)\"><\/path><\/g><\/svg>\t\t\t<\/a>\n\t\t<\/div>\n\t\t\t\t<\/div>\n\t\t\t\t<\/div>\n\t\t\t\t\t<\/div>\n\t\t<\/div>\n\t\t\t\t\t\t\t<\/div>\n\t\t<\/section>\n\t\t\t\t\t<\/div>\n\t\t<\/div>\n\t\t\t\t\t\t\t<\/div>\n\t\t<\/section>\n\t\t\t\t<section class=\"elementor-section elementor-top-section elementor-element elementor-element-b8db099 elementor-section-boxed elementor-section-height-default elementor-section-height-default\" data-id=\"b8db099\" data-element_type=\"section\" id=\"id1\">\n\t\t\t\t\t\t<div class=\"elementor-container elementor-column-gap-default\">\n\t\t\t\t\t<div class=\"elementor-column elementor-col-50 elementor-top-column elementor-element elementor-element-4bbe8ac\" data-id=\"4bbe8ac\" data-element_type=\"column\">\n\t\t\t<div class=\"elementor-widget-wrap elementor-element-populated\">\n\t\t\t\t\t\t\t\t<div class=\"elementor-element elementor-element-c5e7825 elementor-widget elementor-widget-text-editor\" data-id=\"c5e7825\" data-element_type=\"widget\" data-widget_type=\"text-editor.default\">\n\t\t\t\t<div class=\"elementor-widget-container\">\n\t\t\t<style>\/*! elementor - v3.6.2 - 04-04-2022 *\/\n.elementor-widget-text-editor.elementor-drop-cap-view-stacked .elementor-drop-cap{background-color:#818a91;color:#fff}.elementor-widget-text-editor.elementor-drop-cap-view-framed .elementor-drop-cap{color:#818a91;border:3px solid;background-color:transparent}.elementor-widget-text-editor:not(.elementor-drop-cap-view-default) .elementor-drop-cap{margin-top:8px}.elementor-widget-text-editor:not(.elementor-drop-cap-view-default) .elementor-drop-cap-letter{width:1em;height:1em}.elementor-widget-text-editor .elementor-drop-cap{float:left;text-align:center;line-height:1;font-size:50px}.elementor-widget-text-editor .elementor-drop-cap-letter{display:inline-block}<\/style>\t\t\t\t<p><strong>Kontakte<\/strong><\/p><p>via Julius Durst 6<br \/>I-39042 Bressanone (BZ)<br \/>+39 0472 275 300<br \/>info@psaierenergies.it<\/p>\t\t\t\t\t\t<\/div>\n\t\t\t\t<\/div>\n\t\t\t\t\t<\/div>\n\t\t<\/div>\n\t\t\t\t<div class=\"elementor-column elementor-col-50 elementor-top-column elementor-element elementor-element-0031c40\" data-id=\"0031c40\" data-element_type=\"column\">\n\t\t\t<div class=\"elementor-widget-wrap elementor-element-populated\">\n\t\t\t\t\t\t\t\t<div class=\"elementor-element elementor-element-1835b7b elementor-widget elementor-widget-text-editor\" data-id=\"1835b7b\" data-element_type=\"widget\" data-widget_type=\"text-editor.default\">\n\t\t\t\t<div class=\"elementor-widget-container\">\n\t\t\t\t\t\t\t<p><b>Tecno.energy Srl<\/b><\/p><p>P.IVA: 02904150212<\/p>\t\t\t\t\t\t<\/div>\n\t\t\t\t<\/div>\n\t\t\t\t\t<\/div>\n\t\t<\/div>\n\t\t\t\t\t\t\t<\/div>\n\t\t<\/section>\n\t\t\t\t<section class=\"elementor-section elementor-top-section elementor-element elementor-element-9c8b1ed elementor-section-boxed elementor-section-height-default elementor-section-height-default\" data-id=\"9c8b1ed\" data-element_type=\"section\">\n\t\t\t\t\t\t<div class=\"elementor-container elementor-column-gap-default\">\n\t\t\t\t\t<div class=\"elementor-column elementor-col-100 elementor-top-column elementor-element elementor-element-606d08e\" data-id=\"606d08e\" data-element_type=\"column\">\n\t\t\t<div class=\"elementor-widget-wrap elementor-element-populated\">\n\t\t\t\t\t\t\t\t<div class=\"elementor-element elementor-element-3570369 elementor-widget elementor-widget-text-editor\" data-id=\"3570369\" data-element_type=\"widget\" data-widget_type=\"text-editor.default\">\n\t\t\t\t<div class=\"elementor-widget-container\">\n\t\t\t\t\t\t\t<h4 class=\"wp-block-heading\"><a href=\"https:\/\/tecno-energy.it\/wp-content\/uploads\/2023\/10\/disposizioni_dicui_art_1_comma_125_4_agosto_2017.pdf\"><u style=\"font-weight: normal;\">obbligo di pubblicazione dei contributi pubblici<\/u><\/a><\/h4>\t\t\t\t\t\t<\/div>\n\t\t\t\t<\/div>\n\t\t\t\t\t<\/div>\n\t\t<\/div>\n\t\t\t\t\t\t\t<\/div>\n\t\t<\/section>\n\t\t\t\t\t\t\t<\/div>","protected":false},"excerpt":{"rendered":"<p>Impressum Kontakte Julius Durst Str. 6I-39042 Brixen (BZ)+39 0472 275 300info@psaierenergies.it Tecno.energy GmbH MwSt.-Nr: 02904150212 Ver\u00f6ffentlichungsplicht \u00f6ffentliche Beitr\u00e4ge<\/p>","protected":false},"author":1,"featured_media":0,"parent":0,"menu_order":0,"comment_status":"closed","ping_status":"closed","template":"","meta":{"footnotes":""},"class_list":["post-1648","page","type-page","status-publish","hentry"],"aioseo_notices":[],"acf":[],"_links":{"self":[{"href":"https:\/\/tecno-energy.it\/it\/wp-json\/wp\/v2\/pages\/1648","targetHints":{"allow":["GET"]}}],"collection":[{"href":"https:\/\/tecno-energy.it\/it\/wp-json\/wp\/v2\/pages"}],"about":[{"href":"https:\/\/tecno-energy.it\/it\/wp-json\/wp\/v2\/types\/page"}],"author":[{"embeddable":true,"href":"https:\/\/tecno-energy.it\/it\/wp-json\/wp\/v2\/users\/1"}],"replies":[{"embeddable":true,"href":"https:\/\/tecno-energy.it\/it\/wp-json\/wp\/v2\/comments?post=1648"}],"version-history":[{"count":46,"href":"https:\/\/tecno-energy.it\/it\/wp-json\/wp\/v2\/pages\/1648\/revisions"}],"predecessor-version":[{"id":2252,"href":"https:\/\/tecno-energy.it\/it\/wp-json\/wp\/v2\/pages\/1648\/revisions\/2252"}],"wp:attachment":[{"href":"https:\/\/tecno-energy.it\/it\/wp-json\/wp\/v2\/media?parent=1648"}],"curies":[{"name":"wp","href":"https:\/\/api.w.org\/{rel}","templated":true}]}}