{"id":1640,"date":"2022-06-29T12:18:54","date_gmt":"2022-06-29T12:18:54","guid":{"rendered":"https:\/\/tecno-energy.it\/?page_id=1640"},"modified":"2022-08-31T10:44:57","modified_gmt":"2022-08-31T10:44:57","slug":"privacy-policy","status":"publish","type":"page","link":"https:\/\/tecno-energy.it\/it\/privacy-policy\/","title":{"rendered":"Privacy Policy"},"content":{"rendered":"<div data-elementor-type=\"wp-page\" data-elementor-id=\"1640\" class=\"elementor elementor-1640\">\n\t\t\t\t\t\t\t\t\t<section class=\"elementor-section elementor-top-section elementor-element elementor-element-39a4d06 elementor-section-boxed elementor-section-height-default elementor-section-height-default\" data-id=\"39a4d06\" data-element_type=\"section\" data-settings=\"{&quot;background_background&quot;:&quot;classic&quot;}\">\n\t\t\t\t\t\t<div class=\"elementor-container elementor-column-gap-default\">\n\t\t\t\t\t<div class=\"elementor-column elementor-col-100 elementor-top-column elementor-element elementor-element-98ac8da\" data-id=\"98ac8da\" data-element_type=\"column\">\n\t\t\t<div class=\"elementor-widget-wrap elementor-element-populated\">\n\t\t\t\t\t\t\t\t<div class=\"elementor-element elementor-element-551c5bd elementor-widget elementor-widget-heading\" data-id=\"551c5bd\" data-element_type=\"widget\" data-widget_type=\"heading.default\">\n\t\t\t\t<div class=\"elementor-widget-container\">\n\t\t\t<style>\/*! elementor - v3.6.2 - 04-04-2022 *\/\n.elementor-heading-title{padding:0;margin:0;line-height:1}.elementor-widget-heading .elementor-heading-title[class*=elementor-size-]>a{color:inherit;font-size:inherit;line-height:inherit}.elementor-widget-heading .elementor-heading-title.elementor-size-small{font-size:15px}.elementor-widget-heading .elementor-heading-title.elementor-size-medium{font-size:19px}.elementor-widget-heading .elementor-heading-title.elementor-size-large{font-size:29px}.elementor-widget-heading .elementor-heading-title.elementor-size-xl{font-size:39px}.elementor-widget-heading .elementor-heading-title.elementor-size-xxl{font-size:59px}<\/style><h2 class=\"elementor-heading-title elementor-size-default\">Privacy Policy<\/h2>\t\t<\/div>\n\t\t\t\t<\/div>\n\t\t\t\t\t<\/div>\n\t\t<\/div>\n\t\t\t\t\t\t\t<\/div>\n\t\t<\/section>\n\t\t\t\t<section class=\"elementor-section elementor-top-section elementor-element elementor-element-60c5ea2 elementor-section-boxed elementor-section-height-default elementor-section-height-default\" data-id=\"60c5ea2\" data-element_type=\"section\">\n\t\t\t\t\t\t<div class=\"elementor-container elementor-column-gap-default\">\n\t\t\t\t\t<div class=\"elementor-column elementor-col-100 elementor-top-column elementor-element elementor-element-b18b93e\" data-id=\"b18b93e\" data-element_type=\"column\">\n\t\t\t<div class=\"elementor-widget-wrap elementor-element-populated\">\n\t\t\t\t\t\t\t\t<div class=\"elementor-element elementor-element-32fde91 elementor-widget elementor-widget-text-editor\" data-id=\"32fde91\" data-element_type=\"widget\" data-widget_type=\"text-editor.default\">\n\t\t\t\t<div class=\"elementor-widget-container\">\n\t\t\t<style>\/*! elementor - v3.6.2 - 04-04-2022 *\/\n.elementor-widget-text-editor.elementor-drop-cap-view-stacked .elementor-drop-cap{background-color:#818a91;color:#fff}.elementor-widget-text-editor.elementor-drop-cap-view-framed .elementor-drop-cap{color:#818a91;border:3px solid;background-color:transparent}.elementor-widget-text-editor:not(.elementor-drop-cap-view-default) .elementor-drop-cap{margin-top:8px}.elementor-widget-text-editor:not(.elementor-drop-cap-view-default) .elementor-drop-cap-letter{width:1em;height:1em}.elementor-widget-text-editor .elementor-drop-cap{float:left;text-align:center;line-height:1;font-size:50px}.elementor-widget-text-editor .elementor-drop-cap-letter{display:inline-block}<\/style>\t\t\t\t<h1><strong style=\"font-size: 16px;\">Informativa sul trattamento e sulla protezione dei dati personali<\/strong><\/h1><p>La presente informativa \u00e8 resa ai sensi dell\u2019articolo 13 del Regolamento (UE) 2016\/679 in relazione al trattamento e sulla protezione dei dati personali (General Data Protection Regulation \u2013 Regolamento europeo in materia di protezione die dati personali). La presente informativa \u00e8 resa da TECNO.ENERGY solo in relazione alla navigazione sul proprio sito e non anche per altri siti web eventualmente consultati dall\u2019utente tramite appositi link.<\/p><p><strong>Titolare del trattamento dei dati<\/strong><\/p><p>Il Titolare del trattamento dei dati \u00e8 TECNO.ENERGY, con sede a I-39042 Bressanone, via-Julius-Durst Nr. 6, Telefono: +39 0472 275300, E-Mail: info@psaierenergies.it<\/p><p><strong>Categorie dei dati trattati<\/strong><\/p><p>DATI DI NAVIGAZIONE<\/p><p>I sistemi informatici e le funzionalit\u00e0 software preposte al funzionamento del sito acquisiscono, nel corso del loro normale esercizio, alcuni dati personali la cui trasmissione \u00e8 implicita nell\u2019uso dei protocolli di comunicazione di Internet.<\/p><p>Si tratta di informazioni che non sono raccolte per essere associate a interessati identificati, ma che per loro stessa natura potrebbero, attraverso elaborazioni ed associazioni con dati detenuti da terzi, permettere di identificare gli utenti.<\/p><p>In questa categoria di dati rientrano per esempio gli indirizzi IP o i nomi a dominio dei computer utilizzati dagli utenti che si connettono al sito, gli indirizzi URI (Uniform Resource Identifier) delle risorse richieste, l\u2019orario della richiesta, il metodo utilizzato nel sottoporre la richiesta al server, il codice numerico indicante lo stato della risposta data dal server (buon fine, errore, ecc.) ed altri parametri relativi al sistema operativo e all\u2019ambiente informatico dell\u2019utente. Questi dati vengono utilizzati al solo fine di ricavare informazioni statistiche anonime sull\u2019uso del sito e per controllarne il corretto funzionamento. I dati potrebbero essere utilizzati per l\u2019accertamento di responsabilit\u00e0 in caso di ipotetici reati informatici ai danni del sito.<\/p><p>DATI FORNITI VOLONTARIAMENTE DALL\u2019UTENTE<\/p><p>L\u2019invio facoltativo, esplicito e volontario di comunicazioni tramite modulo ovvero agli indirizzi di posta elettronica indicati sul sito comporta la successiva acquisizione dell\u2019indirizzo del mittente, necessario per rispondere alle richieste, nonch\u00e9 degli eventuali altri dati personali inseriti nella richiesta.Tale categoria di dati verr\u00e0 trattata unicamente per rispondere alle richieste. I dati personali espressamente conferiti dagli utenti\/visitatori verranno comunicati a terzi solo nel caso in cui la comunicazione sia necessaria per ottemperare alle richieste degli utenti\/visitatori medesimi.<\/p><p><strong>Modalit\u00e0 del trattamento, durata e conservazione dei dati<\/strong><\/p><p>Il trattamento dei dati connessi al sito internet viene effettuato attraverso supporti informatici e telematici ad opera di soggetti (interni ed esterni) appositamente incaricati. I dati personali che riguardano l\u2018utente, raccolti attraverso i moduli del sito, verranno conservati per il tempo necessario a dare riscontro alle richieste. Laddove sussistesse una normativa ulteriore ad imporre un tempo di conservazione pi\u00f9 lungo, tale normativa verr\u00e0 da noi rispettata.<\/p><p><strong>Comunicazione, diffusione e trasferimento dei dati<\/strong><\/p><p>I dati personali non saranno comunicati n\u00e9 diffusi, senza lo specifico e facoltativo consenso, a soggetti terzi e non saranno da noi comunicati a Paesi terzi o organizzazioni internazionali extra UE.<\/p><p><strong>Diritti degli interessati<\/strong><\/p><p>L\u2019interessato ha diritto di conoscere, in ogni momento, quali sono i Suoi dati presso il titolare del trattamento e come vengono utilizzati; ha inoltre diritto di farli aggiornare, integrare, rettificare o cancellare, di chiederne la portabilit\u00e0 o la limitazione di trattamento, nei casi previsti dalla legge, e di opporsi al loro trattamento, salvo il caso di un legittimo interesse del singolo titolare. Per l\u2019esercizio dei suoi diritti, nonch\u00e9 per informazioni pi\u00f9 dettagliate circa i soggetti o le categorie di soggetti ai quali i dati sono comunicati e\/o trasferiti o che ne vengono a conoscenza in qualit\u00e0 di responsabili o incaricati,  l\u2019interessato pu\u00f2 inviare una e-mail all\u2019indirizzo info@psaierenergies.it oppure scrivendo a TECNO.ENERGY \u2013 Via Julius Durst n. 6,  I-39042 Bressanone. L\u2019interessato ha altres\u00ec diritto a proporre Reclamo avanti al Garante per la protezione dei dati personali, con le modalit\u00e0 indicate sul sito del Garante stesso.<\/p>\t\t\t\t\t\t<\/div>\n\t\t\t\t<\/div>\n\t\t\t\t<div class=\"elementor-element elementor-element-586c164 elementor-widget elementor-widget-text-editor\" data-id=\"586c164\" data-element_type=\"widget\" id=\"cookie\" data-widget_type=\"text-editor.default\">\n\t\t\t\t<div class=\"elementor-widget-container\">\n\t\t\t\t\t\t\t<p>************************************************************************************<\/p>\t\t\t\t\t\t<\/div>\n\t\t\t\t<\/div>\n\t\t\t\t<div class=\"elementor-element elementor-element-2efd603 elementor-widget elementor-widget-text-editor\" data-id=\"2efd603\" data-element_type=\"widget\" data-widget_type=\"text-editor.default\">\n\t\t\t\t<div class=\"elementor-widget-container\">\n\t\t\t\t\t\t\t<p><strong>COOKIE POLICY<\/strong><\/p><p><strong>Che cosa sono i cookies?<\/strong><\/p><p>I cookie sono file di testo che i server dei siti visitati possono depositare nella memoria dei dispositivi utilizzati dall\u2019utente (pc, smartphone, tablet). Le informazioni contenute nei cookie vengono ritrasmesse ai server quando l\u2019utente torna a visitare gli stessi siti. La base giuridica a per la gestione dei cookie \u00e8 il provvedimento generale del Garante Privacy in materia di cookie dell\u20198 maggio 2014, n. 229.<\/p><p><strong>Quali tipologie die cookie vengono utilizzati dal sito?<\/strong><\/p><p>Il sito non utilizza cookie di profiliazione. Le seguenti tipologie di cookie vengono utlizzati:<\/p><ul><li>Cookie tecnici, cio\u00e8 di navigazione o sessione e strettamente necessari per il funzionamento del sito o per consentire all\u2019utente di usufruire dei contenuti e dei servizi da questi richiesti.<\/li><li>Cookie analytics, che consentono di comprendere come il sito viene utilizzato dagli utenti. Con questi cookie non vengono raccolte informazioni sull\u2019identit\u00e0 dell\u2019utente, n\u00e9 alcun dato personale. Le informazioni sono trattate in forma aggregata ed anonima.<\/li><li>Cookie di terze parti, cio\u00e8 cookie di siti o di web server diversi dal presente sito web ed utilizzati per finalit\u00e0 proprie di dette parti terze.<\/li><\/ul><p>Tra i cookie analytics si distinguono in particolare i cookie di Google Analytics, un servizio di analisi dei dati web della Google Inc. (\u201cGoogle\u201d).<\/p><p>Abilitano il funzionamento di Google Analytics e aiutano gli operatori del sito web ad analizzare le attivit\u00e0 sul sito come per esempio il numero di visitatori, i criteri di esplorazione, i servizi fruiti e i tempi medi di permanenza, e altri dati che agevolano la Provincia autonoma di Bolzano a migliorare la fruibilit\u00e0 dei contenuti. In caso di attivazione di IP anonimo su questo sito web, il vostro indirizzo IP verr\u00e0 prima troncato da Google negli Stati membri dell\u2019Unione Europea o di altri Stati facenti parte dell\u2019Accordo sullo Spazio Economico Europeo. Solo in casi eccezionali viene inviato l\u2019indirizzo IP completo ad un server di Google negli USA e qui troncato. Su questo sito web \u00e8 attivato l\u2019IP anonimo. A nome dell\u2019operatore di questo sito, Google utilizzer\u00e0 le informazioni allo scopo di esaminare il vostro utilizzo del sito, compilare report sulle attivit\u00e0 per gli operatori del sito web e fornire loro altri servizi relativi alle attivit\u00e0 del sito e all\u2019utilizzo di Internet.<\/p><p>L\u2019indirizzo IP trasmesso da Google in ambito Google Analytics non collegher\u00e0 il vostro indirizzo IP a nessun altro dato posseduto da Google. Potete in ogni caso rifiutare l\u2019utilizzo di cookies, selezionando la relativa impostazione sul vostro browser, si consideri tuttavia che ci\u00f2 potrebbe impedirvi di utilizzare completamente tutte le funzionalit\u00e0 di questo sito web. Potete inoltre impedire a Google l\u2019acquisizione dei dati generati dal cookie ed attinenti il vostro utilizzo del sito web (incl. il vostro indirizzo IP), ed altres\u00ec l\u2019elaborazione degli stessi dati da parte di Google, installando il plugin per browser disponibile al seguente link: tools.google.com\/dlpage\/gaoptout<\/p><p>Clicca qui per maggiori informazioni sui cookies di Google: www.google.com\/intl\/it_ALL\/analytics\/learn\/privacy.html<\/p><p>Le informazioni ottenute mediante i cookie non vengono usate per identificare gli utenti. I cookie non sono utilizzati per finalit\u00e0 diverse da quelle sopra descritte.<\/p><p>La modifica o la conferma delle preferenze espresse in merito all\u2019utilizzo dei cookie del sito pu\u00f2 avvenire in qualunque momento da parte dell\u2019utente, accedendo a questa pagina attraverso l\u2019apposito link.<\/p><p><strong>Disattivazione o eliminazione dei cookie<\/strong><\/p><p>L\u2019utente pu\u00f2 autorizzare, bloccare o cancellare (in tutto o in parte) i cookie anche attraverso le specifiche funzioni del proprio programma di navigazione (c.d. browser): tuttavia, nell\u2019ipotesi in cui tutti o alcuni dei cookie vengano disabilitati \u00e8 possibile che il sito risulti non consultabile o che alcuni servizi o determinate funzioni del sito non siano disponibili o non funzionino correttamente e\/o l\u2019utente potrebbe essere costretto a modificare o a inserire manualmente alcune informazioni o preferenze ogni volta che visiter\u00e0 il sito. Per avere maggiori informazioni su come impostare le preferenze sull\u2019uso dei cookie attraverso il proprio browser di navigazione.<\/p>\t\t\t\t\t\t<\/div>\n\t\t\t\t<\/div>\n\t\t\t\t\t<\/div>\n\t\t<\/div>\n\t\t\t\t\t\t\t<\/div>\n\t\t<\/section>\n\t\t\t\t\t\t\t<\/div>","protected":false},"excerpt":{"rendered":"<p>Privacy Policy Informationen zur Verarbeitung und zum Schutz personenbezogener Daten Diese Mitteilung erfolgt gem\u00e4\u00df Artikel 13 der Verordnung (EU) 2016\/679 \u00fcber die Verarbeitung und den Schutz personenbezogener Daten (EU-Datenschutz-Grundverordnung). Diese Informationen werden von TECNO.ENERGY nur im Zusammenhang mit der Navigation auf der eigenen Website zur Verf\u00fcgung gestellt und nicht f\u00fcr andere Websites, die vom Nutzer [&hellip;]<\/p>","protected":false},"author":1,"featured_media":0,"parent":0,"menu_order":0,"comment_status":"closed","ping_status":"closed","template":"","meta":{"footnotes":""},"class_list":["post-1640","page","type-page","status-publish","hentry"],"aioseo_notices":[],"acf":[],"_links":{"self":[{"href":"https:\/\/tecno-energy.it\/it\/wp-json\/wp\/v2\/pages\/1640","targetHints":{"allow":["GET"]}}],"collection":[{"href":"https:\/\/tecno-energy.it\/it\/wp-json\/wp\/v2\/pages"}],"about":[{"href":"https:\/\/tecno-energy.it\/it\/wp-json\/wp\/v2\/types\/page"}],"author":[{"embeddable":true,"href":"https:\/\/tecno-energy.it\/it\/wp-json\/wp\/v2\/users\/1"}],"replies":[{"embeddable":true,"href":"https:\/\/tecno-energy.it\/it\/wp-json\/wp\/v2\/comments?post=1640"}],"version-history":[{"count":13,"href":"https:\/\/tecno-energy.it\/it\/wp-json\/wp\/v2\/pages\/1640\/revisions"}],"predecessor-version":[{"id":1893,"href":"https:\/\/tecno-energy.it\/it\/wp-json\/wp\/v2\/pages\/1640\/revisions\/1893"}],"wp:attachment":[{"href":"https:\/\/tecno-energy.it\/it\/wp-json\/wp\/v2\/media?parent=1640"}],"curies":[{"name":"wp","href":"https:\/\/api.w.org\/{rel}","templated":true}]}}