{"id":1774,"date":"2022-08-30T08:38:12","date_gmt":"2022-08-30T08:38:12","guid":{"rendered":"https:\/\/tecno-energy.it\/?page_id=1774"},"modified":"2025-04-23T06:50:17","modified_gmt":"2025-04-23T06:50:17","slug":"original-content","status":"publish","type":"page","link":"https:\/\/tecno-energy.it\/en\/original-content\/","title":{"rendered":"original-content"},"content":{"rendered":"<p><a href=\"https:\/\/tecno-energy.it\/en\/technische-betriebsfuhrung\/\" role=\"button\"><br \/>\n\t\t\t\t<svg xmlns=\"http:\/\/www.w3.org\/2000\/svg\" id=\"Group_1353\" data-name=\"Group 1353\" width=\"35\" height=\"35\" viewbox=\"0 0 35 35\"><line id=\"Line_47\" data-name=\"Line 47\" y2=\"35\" transform=\"translate(17.5)\" fill=\"none\" stroke=\"#0e4583\" stroke-width=\"3\"><\/line><line id=\"Line_48\" data-name=\"Line 48\" y2=\"35\" transform=\"translate(35 17.5) rotate(90)\" fill=\"none\" stroke=\"#0e4583\" stroke-width=\"3\"><\/line><\/svg><br \/>\n\t\t\t\t\t<\/a><\/p>\n<style>\/*! elementor - v3.6.2 - 04-04-2022 *\/\n.elementor-widget-image{text-align:center}.elementor-widget-image a{display:inline-block}.elementor-widget-image a img[src$=\".svg\"]{width:48px}.elementor-widget-image img{vertical-align:middle;display:inline-block}<\/style>\n<p>\t\t\t\t\t\t\t\t\t\t\t\t<img decoding=\"async\" width=\"265\" height=\"265\" src=\"https:\/\/tecno-energy.it\/wp-content\/uploads\/2022\/05\/1.png\" alt=\"\" loading=\"lazy\" srcset=\"https:\/\/tecno-energy.it\/wp-content\/uploads\/2022\/05\/1.png 265w, https:\/\/tecno-energy.it\/wp-content\/uploads\/2022\/05\/1-150x150.png 150w, https:\/\/tecno-energy.it\/wp-content\/uploads\/2022\/05\/1-12x12.png 12w\" sizes=\"auto, (max-width: 265px) 100vw, 265px\" \/>\t\t\t\t\t\t\t\t\t\t\t\t\t\t\t<\/p>\n<style>\/*! elementor - v3.6.2 - 04-04-2022 *\/\n.elementor-heading-title{padding:0;margin:0;line-height:1}.elementor-widget-heading .elementor-heading-title[class*=elementor-size-]>a{color:inherit;font-size:inherit;line-height:inherit}.elementor-widget-heading .elementor-heading-title.elementor-size-small{font-size:15px}.elementor-widget-heading .elementor-heading-title.elementor-size-medium{font-size:19px}.elementor-widget-heading .elementor-heading-title.elementor-size-large{font-size:29px}.elementor-widget-heading .elementor-heading-title.elementor-size-xl{font-size:39px}.elementor-widget-heading .elementor-heading-title.elementor-size-xxl{font-size:59px}<\/style>\n<h2><a href=\"https:\/\/tecno-energy.it\/en\/technische-betriebsfuhrung\/\">Asset management <\/a><\/h2>\n<p>\t\t\t<a href=\"https:\/\/tecno-energy.it\/en\/kaufmannische-betriebsfuhrung\/\" role=\"button\"><br \/>\n\t\t\t\t<svg xmlns=\"http:\/\/www.w3.org\/2000\/svg\" id=\"Group_1353\" data-name=\"Group 1353\" width=\"35\" height=\"35\" viewbox=\"0 0 35 35\"><line id=\"Line_47\" data-name=\"Line 47\" y2=\"35\" transform=\"translate(17.5)\" fill=\"none\" stroke=\"#0e4583\" stroke-width=\"3\"><\/line><line id=\"Line_48\" data-name=\"Line 48\" y2=\"35\" transform=\"translate(35 17.5) rotate(90)\" fill=\"none\" stroke=\"#0e4583\" stroke-width=\"3\"><\/line><\/svg><br \/>\n\t\t\t\t\t<\/a><br \/>\n\t\t\t\t\t\t\t\t\t\t\t\t\t\t\t<img decoding=\"async\" width=\"265\" height=\"265\" src=\"https:\/\/tecno-energy.it\/wp-content\/uploads\/2022\/05\/5.png\" alt=\"\" loading=\"lazy\" srcset=\"https:\/\/tecno-energy.it\/wp-content\/uploads\/2022\/05\/5.png 265w, https:\/\/tecno-energy.it\/wp-content\/uploads\/2022\/05\/5-150x150.png 150w, https:\/\/tecno-energy.it\/wp-content\/uploads\/2022\/05\/5-12x12.png 12w\" sizes=\"auto, (max-width: 265px) 100vw, 265px\" \/>\t\t\t\t\t\t\t\t\t\t\t\t\t\t\t<\/p>\n<h2><a href=\"https:\/\/tecno-energy.it\/en\/kaufmannische-betriebsfuhrung\/\">Technical management  <\/a><\/h2>\n<p>\t\t\t<a href=\"https:\/\/tecno-energy.it\/en\/projektentwicklung\/\" role=\"button\"><br \/>\n\t\t\t\t<svg xmlns=\"http:\/\/www.w3.org\/2000\/svg\" id=\"Group_1353\" data-name=\"Group 1353\" width=\"35\" height=\"35\" viewbox=\"0 0 35 35\"><line id=\"Line_47\" data-name=\"Line 47\" y2=\"35\" transform=\"translate(17.5)\" fill=\"none\" stroke=\"#0e4583\" stroke-width=\"3\"><\/line><line id=\"Line_48\" data-name=\"Line 48\" y2=\"35\" transform=\"translate(35 17.5) rotate(90)\" fill=\"none\" stroke=\"#0e4583\" stroke-width=\"3\"><\/line><\/svg><br \/>\n\t\t\t\t\t<\/a><br \/>\n\t\t\t\t\t\t\t\t\t\t\t\t\t\t\t<img decoding=\"async\" width=\"265\" height=\"265\" src=\"https:\/\/tecno-energy.it\/wp-content\/uploads\/2022\/05\/4.png\" alt=\"\" loading=\"lazy\" srcset=\"https:\/\/tecno-energy.it\/wp-content\/uploads\/2022\/05\/4.png 265w, https:\/\/tecno-energy.it\/wp-content\/uploads\/2022\/05\/4-150x150.png 150w, https:\/\/tecno-energy.it\/wp-content\/uploads\/2022\/05\/4-12x12.png 12w\" sizes=\"auto, (max-width: 265px) 100vw, 265px\" \/>\t\t\t\t\t\t\t\t\t\t\t\t\t\t\t<\/p>\n<h2><a href=\"https:\/\/tecno-energy.it\/en\/projektentwicklung\/\">Projekt Entwicklung<\/a><\/h2>\n<p>\t\t\t<a href=\"https:\/\/tecno-energy.it\/en\/anlagenbau-epc\/\" role=\"button\"><br \/>\n\t\t\t\t<svg xmlns=\"http:\/\/www.w3.org\/2000\/svg\" id=\"Group_1353\" data-name=\"Group 1353\" width=\"35\" height=\"35\" viewbox=\"0 0 35 35\"><line id=\"Line_47\" data-name=\"Line 47\" y2=\"35\" transform=\"translate(17.5)\" fill=\"none\" stroke=\"#0e4583\" stroke-width=\"3\"><\/line><line id=\"Line_48\" data-name=\"Line 48\" y2=\"35\" transform=\"translate(35 17.5) rotate(90)\" fill=\"none\" stroke=\"#0e4583\" stroke-width=\"3\"><\/line><\/svg><br \/>\n\t\t\t\t\t<\/a><br \/>\n\t\t\t\t\t\t\t\t\t\t\t\t\t\t\t<img decoding=\"async\" width=\"265\" height=\"265\" src=\"https:\/\/tecno-energy.it\/wp-content\/uploads\/2022\/05\/2.png\" alt=\"\" loading=\"lazy\" srcset=\"https:\/\/tecno-energy.it\/wp-content\/uploads\/2022\/05\/2.png 265w, https:\/\/tecno-energy.it\/wp-content\/uploads\/2022\/05\/2-150x150.png 150w, https:\/\/tecno-energy.it\/wp-content\/uploads\/2022\/05\/2-12x12.png 12w\" sizes=\"auto, (max-width: 265px) 100vw, 265px\" \/>\t\t\t\t\t\t\t\t\t\t\t\t\t\t\t<\/p>\n<h2><a href=\"https:\/\/tecno-energy.it\/en\/anlagenbau-epc\/\">Plant engineering EPC<\/a><\/h2>\n<p>\t\t\t<a href=\"https:\/\/tecno-energy.it\/en\/beratung\/\" role=\"button\"><br \/>\n\t\t\t\t<svg xmlns=\"http:\/\/www.w3.org\/2000\/svg\" id=\"Group_1353\" data-name=\"Group 1353\" width=\"35\" height=\"35\" viewbox=\"0 0 35 35\"><line id=\"Line_47\" data-name=\"Line 47\" y2=\"35\" transform=\"translate(17.5)\" fill=\"none\" stroke=\"#0e4583\" stroke-width=\"3\"><\/line><line id=\"Line_48\" data-name=\"Line 48\" y2=\"35\" transform=\"translate(35 17.5) rotate(90)\" fill=\"none\" stroke=\"#0e4583\" stroke-width=\"3\"><\/line><\/svg><br \/>\n\t\t\t\t\t<\/a><br \/>\n\t\t\t\t\t\t\t\t\t\t\t\t\t\t\t<img decoding=\"async\" width=\"267\" height=\"267\" src=\"https:\/\/tecno-energy.it\/wp-content\/uploads\/2022\/05\/3.png\" alt=\"\" loading=\"lazy\" srcset=\"https:\/\/tecno-energy.it\/wp-content\/uploads\/2022\/05\/3.png 267w, https:\/\/tecno-energy.it\/wp-content\/uploads\/2022\/05\/3-150x150.png 150w, https:\/\/tecno-energy.it\/wp-content\/uploads\/2022\/05\/3-12x12.png 12w\" sizes=\"auto, (max-width: 267px) 100vw, 267px\" \/>\t\t\t\t\t\t\t\t\t\t\t\t\t\t\t<\/p>\n<h2><a href=\"https:\/\/tecno-energy.it\/en\/beratung\/\">Consulting<\/a><\/h2>\n<p>\t\t\t<a href=\"#brixen\" role=\"button\"><br \/>\n\t\t\t\t\t\tBrixen<br \/>\n\t\t\t\t\t<\/a><br \/>\n\t\t\t<a href=\"#trient\" role=\"button\"><br \/>\n\t\t\t\t\t\tTrient<br \/>\n\t\t\t\t\t<\/a><\/p>\n<p><strong>BRIXEN<br \/><\/strong><strong>tecno.energy Ltd<\/strong><\/p>\n<p>Julius-Durst-Stra\u00dfe 6<br \/>I-39042 Brixen (BZ)<\/p>\n<p>T +39 0472 275 300<br \/>F +39 0472 275 310<br \/>E info@psaierenergies.it<\/p>\n<p>VAT: 02904150212<\/p>\n<p><strong>TRIENT<br \/><\/strong><strong style=\"color: var( --e-global-color-7121f5d ); font-size: 1rem;\">tecno.energy <\/strong>LTd<br \/>Maccani Str. 54<br \/>I-38121 Trient (TN)<\/p>\n<p>T +39 0472 275 300<br \/>F +39 0472 275 310<br \/>E info@psaierenergies.it<\/p>\n<p>VAT: 02904150212<\/p>\n<p>\u00a0<\/p>\n<h2>Impressum<\/h2>","protected":false},"excerpt":{"rendered":"<p>Kaufm\u00e4nnische Betriebsf\u00fchrung Technische Betriebsf\u00fchrung Projekt Entwicklung Anlagenbau EPC Beratung Brixen Trient BRIXENtecno.energy GmbH Julius-Durst-Stra\u00dfe 6I-39042 Brixen (BZ) T +39 0472 275 300F +39 0472 275 310E info@psaierenergies.it MwSt.-Nr.: 02904150212 TRIENTtecno.energy GmbHMaccani Str. 54I-38121 Trient (TN) T +39 0472 275 300F +39 0472 275 310E info@psaierenergies.it MwSt.-Nr.: 02904150212 \u00a0 Impressum<\/p>","protected":false},"author":1,"featured_media":0,"parent":0,"menu_order":999,"comment_status":"closed","ping_status":"closed","template":"","meta":{"footnotes":""},"class_list":["post-1774","page","type-page","status-publish","hentry"],"aioseo_notices":[],"acf":[],"_links":{"self":[{"href":"https:\/\/tecno-energy.it\/en\/wp-json\/wp\/v2\/pages\/1774","targetHints":{"allow":["GET"]}}],"collection":[{"href":"https:\/\/tecno-energy.it\/en\/wp-json\/wp\/v2\/pages"}],"about":[{"href":"https:\/\/tecno-energy.it\/en\/wp-json\/wp\/v2\/types\/page"}],"author":[{"embeddable":true,"href":"https:\/\/tecno-energy.it\/en\/wp-json\/wp\/v2\/users\/1"}],"replies":[{"embeddable":true,"href":"https:\/\/tecno-energy.it\/en\/wp-json\/wp\/v2\/comments?post=1774"}],"version-history":[{"count":14,"href":"https:\/\/tecno-energy.it\/en\/wp-json\/wp\/v2\/pages\/1774\/revisions"}],"predecessor-version":[{"id":1870,"href":"https:\/\/tecno-energy.it\/en\/wp-json\/wp\/v2\/pages\/1774\/revisions\/1870"}],"wp:attachment":[{"href":"https:\/\/tecno-energy.it\/en\/wp-json\/wp\/v2\/media?parent=1774"}],"curies":[{"name":"wp","href":"https:\/\/api.w.org\/{rel}","templated":true}]}}